{"id":456,"date":"2023-12-15T21:08:19","date_gmt":"2023-12-15T20:08:19","guid":{"rendered":"https:\/\/www.pogorzelski-neuenhaus.de\/blog\/?page_id=456"},"modified":"2023-12-15T21:41:14","modified_gmt":"2023-12-15T20:41:14","slug":"ueber-mich","status":"publish","type":"page","link":"https:\/\/www.pogorzelski-neuenhaus.de\/blog\/ueber-mich\/","title":{"rendered":"\u00dcber mich"},"content":{"rendered":"<div class=\"wp-block-image\">\n<figure class=\"aligncenter size-full\"><a href=\"https:\/\/www.pogorzelski-neuenhaus.de\/blog\/wp-content\/uploads\/2023\/12\/DSC00365-2-300x247-1.jpg\"><img loading=\"lazy\" decoding=\"async\" width=\"300\" height=\"247\" src=\"https:\/\/www.pogorzelski-neuenhaus.de\/blog\/wp-content\/uploads\/2023\/12\/DSC00365-2-300x247-1.jpg\" alt=\"Werner, Dinkelsee, Neuenhaus\" class=\"wp-image-457\" style=\"object-fit:cover\" title=\"\" srcset=\"https:\/\/www.pogorzelski-neuenhaus.de\/blog\/wp-content\/uploads\/2023\/12\/DSC00365-2-300x247-1.jpg 300w, https:\/\/www.pogorzelski-neuenhaus.de\/blog\/wp-content\/uploads\/2023\/12\/DSC00365-2-300x247-1-250x206.jpg 250w, https:\/\/www.pogorzelski-neuenhaus.de\/blog\/wp-content\/uploads\/2023\/12\/DSC00365-2-300x247-1-219x180.jpg 219w\" sizes=\"auto, (max-width: 300px) 100vw, 300px\" \/><\/a><figcaption class=\"wp-element-caption\">Werner<\/figcaption><\/figure>\n<\/div>\n\n\n<p>Das Bild zeigt mich auf dem &#8222;Dinkelsee&#8220; in der Grafschaft Bentheim als &#8222;Kapit\u00e4n&#8220; auf einer Kurbelf\u00e4hre mit dem Namen &#8222;Haal over&#8220;.<\/p>\n\n\n\n<p>Der Dinkelsee ist allerdings &#8222;nur&#8220; eine Flussverbreiterung, die dem Fl\u00fcsschen Dinkel als Sandfang vor einer Staustufe dient.<\/p>\n\n\n\n<p>Ich bin seit einigen Jahren im Ruhestand und habe das Fotografieren als Hobby f\u00fcr mich neu entdeckt.<\/p>\n\n\n\n<p>Auch das Erstellen einer Web-Seite m\u00f6chte ich mir hier so nach und nach aneignen und ich bitte schon jetzt um Nachsicht, wenn es hier und da mal &#8222;hakt&#8220;. Ich bin und bleibe Amateur und mache das nur aus Freude am Fotografieren bzw. am Webseiten-Erstellen.<\/p>\n\n\n\n<p>Mal sehen, wie weit ich hier komme\u2026<\/p>\n\n\n\n<p>In meinem fr\u00fcheren Leben habe ich den Beruf des Textilf\u00e4rbers erlernt, in Krefeld an der FHS Niederrhein studiert und bin Textil-Ing. der Fachrichtung Veredlung.<\/p>\n\n\n\n<p>Wie es sich f\u00fcr einen Ruhest\u00e4ndler geh\u00f6rt, gehe ich gelegentlich auf Reise und auch dort entstehen eine Menge Fotos.<\/p>\n","protected":false},"excerpt":{"rendered":"<p>Das Bild zeigt mich auf dem &#8222;Dinkelsee&#8220; in der Grafschaft Bentheim als &#8222;Kapit\u00e4n&#8220; auf einer Kurbelf\u00e4hre mit dem Namen &#8222;Haal over&#8220;. Der Dinkelsee ist allerdings &#8222;nur&#8220; eine Flussverbreiterung, die dem Fl\u00fcsschen Dinkel als Sandfang vor einer Staustufe dient. Ich bin seit einigen Jahren im Ruhestand und habe das Fotografieren als Hobby f\u00fcr mich neu entdeckt. &hellip; <\/p>\n<p class=\"link-more\"><a href=\"https:\/\/www.pogorzelski-neuenhaus.de\/blog\/ueber-mich\/\" class=\"more-link\"><span class=\"screen-reader-text\">\u201e\u00dcber mich\u201c <\/span>weiterlesen<\/a><\/p>\n","protected":false},"author":2,"featured_media":0,"parent":0,"menu_order":0,"comment_status":"closed","ping_status":"closed","template":"","meta":{"footnotes":""},"class_list":["post-456","page","type-page","status-publish","hentry"],"_links":{"self":[{"href":"https:\/\/www.pogorzelski-neuenhaus.de\/blog\/wp-json\/wp\/v2\/pages\/456","targetHints":{"allow":["GET"]}}],"collection":[{"href":"https:\/\/www.pogorzelski-neuenhaus.de\/blog\/wp-json\/wp\/v2\/pages"}],"about":[{"href":"https:\/\/www.pogorzelski-neuenhaus.de\/blog\/wp-json\/wp\/v2\/types\/page"}],"author":[{"embeddable":true,"href":"https:\/\/www.pogorzelski-neuenhaus.de\/blog\/wp-json\/wp\/v2\/users\/2"}],"replies":[{"embeddable":true,"href":"https:\/\/www.pogorzelski-neuenhaus.de\/blog\/wp-json\/wp\/v2\/comments?post=456"}],"version-history":[{"count":1,"href":"https:\/\/www.pogorzelski-neuenhaus.de\/blog\/wp-json\/wp\/v2\/pages\/456\/revisions"}],"predecessor-version":[{"id":458,"href":"https:\/\/www.pogorzelski-neuenhaus.de\/blog\/wp-json\/wp\/v2\/pages\/456\/revisions\/458"}],"wp:attachment":[{"href":"https:\/\/www.pogorzelski-neuenhaus.de\/blog\/wp-json\/wp\/v2\/media?parent=456"}],"curies":[{"name":"wp","href":"https:\/\/api.w.org\/{rel}","templated":true}]}}